{"id":9561,"date":"2019-08-15T19:08:37","date_gmt":"2019-08-15T19:08:37","guid":{"rendered":"http:\/\/www.spiritofpolo-press.com\/?page_id=9561"},"modified":"2019-08-15T19:08:39","modified_gmt":"2019-08-15T19:08:39","slug":"evenements-equestres","status":"publish","type":"page","link":"https:\/\/www.spiritofpolo-press.com\/fr\/evenements-equestres\/","title":{"rendered":"\u00c9v\u00e9nements \u00e9questres"},"content":{"rendered":"<div id=\"aq-template-wrapper-9555\" class=\"aq-template-wrapper aq_row\"><div id=\"aq-block-9555-1\" class=\"aq-block aq-block-aq_blog_journal_block aq_span12 aq-first clearfix\">        \r\n        <div class=\"widgetwrap journal\">\r\n        \r\n\t\t\t            <h2 class=\"widget\">\r\n                \r\n                \u00c9v\u00e9nements \u00e9questres                \r\n                                    <span>Highlights<\/span>\r\n                                    \r\n            <\/h2>\r\n        \r\n        \t<div class=\"line\"><span><span style=\"background-color:#333;\"><\/span><\/span><\/div>\r\n                    \t\r\n\t\t\t\r\n\t\t\t    \r\n            \r\n                <!-- latest-->\r\n                <ul class=\"blocker\">\r\n\r\n\t\t\t\t\t    \r\n                                        <li class=\"fblock journal_big\">\r\n\r\n\t\t\t\t                \r\n                                \r\n                \t                    \r\n                                            \r\n                                                \r\n                        \t<div class=\"imgwrap\">\r\n                            \r\n                                 <a href=\"https:\/\/www.spiritofpolo-press.com\/fr\/challenge-spirit-of-jumping\/\" title=\"CHALLENGE SPIRIT OF JUMPING\" >\r\n                                 \r\n                                 \t<img loading=\"lazy\" decoding=\"async\" width=\"385\" height=\"360\" src=\"https:\/\/www.spiritofpolo-press.com\/wp-content\/uploads\/2019\/09\/SOJ-Sponsor-385x360.jpg\" class=\"tranz wp-post-image\" alt=\"\" srcset=\"https:\/\/www.spiritofpolo-press.com\/wp-content\/uploads\/2019\/09\/SOJ-Sponsor-385x360.jpg 385w, https:\/\/www.spiritofpolo-press.com\/wp-content\/uploads\/2019\/09\/SOJ-Sponsor-95x90.jpg 95w\" sizes=\"auto, (max-width: 385px) 100vw, 385px\" \/>                                    \r\n                                 <\/a>\r\n                                 \r\n                                \r\n\t<p class=\"meta meta_cat\"> \r\n        <i class=\"icon-doc-text\"><\/i> <a href=\"https:\/\/www.spiritofpolo-press.com\/fr\/category\/evenements-equestres\/\" rel=\"category tag\">\u00c9v\u00e9nements \u00e9questres<\/a><\/p>\r\n                \r\n            \t\t\t\t                                 \r\n                            <\/div>\r\n                            \r\n                                           \r\n                                     \r\n                      \r\n\t<p class=\"meta\">\r\n        <i class=\"icon-clock\"><\/i> 4 septembre 2019        <span class=\"views\"> &bull; Vues: 1974<\/span>\r\n\t\t    <\/p>\r\n                      \r\n                  <h2><a href=\"https:\/\/www.spiritofpolo-press.com\/fr\/challenge-spirit-of-jumping\/\" title=\"CHALLENGE SPIRIT OF JUMPING\">CHALLENGE SPIRIT OF JUMPING<\/a><\/h2>\r\n                  \r\n                  <p class=\"teaser\">FRANCIA CHALLENGE SPIRIT OF JUMPING CENTRE EQUESTRE LA SYRAH 13 DE OCTUBRE \/ NOVIEMBRE \/ DICIEMBRE<\/p>\r\n              \r\n                      \r\n\t<p class=\"meta meta_more\">\r\n    \t\t<a href=\"https:\/\/www.spiritofpolo-press.com\/fr\/challenge-spirit-of-jumping\/\">En Savoir Plus <i class=\"icon-right-open\"><\/i><\/a>\r\n    <\/p>\r\n                                \r\n                <\/li>                    \r\n                                    \r\n                            \r\n                                        <li class=\"fblock journal_small\">\r\n                      \r\n\t\t\t\t                \r\n\t\t\t\t                    \r\n                      <div class=\"imgwrap\">\r\n                            \r\n                            <a href=\"https:\/\/www.spiritofpolo-press.com\/fr\/csi-3-st-lo\/\" title=\"CSI 3* St Lo\" >\r\n                            \r\n                            <img loading=\"lazy\" decoding=\"async\" width=\"304\" height=\"304\" src=\"https:\/\/www.spiritofpolo-press.com\/wp-content\/uploads\/2019\/08\/CSI-3-St-Lo-304x304.png\" class=\"tranz wp-post-image\" alt=\"\" srcset=\"https:\/\/www.spiritofpolo-press.com\/wp-content\/uploads\/2019\/08\/CSI-3-St-Lo-304x304.png 304w, https:\/\/www.spiritofpolo-press.com\/wp-content\/uploads\/2019\/08\/CSI-3-St-Lo-150x150.png 150w\" sizes=\"auto, (max-width: 304px) 100vw, 304px\" \/>                            \r\n                            <\/a>\r\n                           \r\n                      <\/div>\r\n                      \r\n                                        \r\n                  <h3><a href=\"https:\/\/www.spiritofpolo-press.com\/fr\/csi-3-st-lo\/\" title=\"CSI 3* St Lo\">CSI 3* St Lo<\/a><\/h3>\r\n                  \r\n                      \r\n\t<p class=\"meta\">\r\n        <i class=\"icon-clock\"><\/i> 17 ao\u00fbt 2019        <span class=\"views\"> &bull; Vues: 1503<\/span>\r\n\t\t    <\/p>\r\n                            \r\n                <\/li>                \r\n                                    \r\n                            \r\n                                        <li class=\"fblock journal_small\">\r\n                      \r\n\t\t\t\t                \r\n\t\t\t\t                    \r\n                      <div class=\"imgwrap\">\r\n                            \r\n                            <a href=\"https:\/\/www.spiritofpolo-press.com\/fr\/csi-3-traverse-city\/\" title=\"CSI 3* Traverse City\" >\r\n                            \r\n                            <img loading=\"lazy\" decoding=\"async\" width=\"304\" height=\"304\" src=\"https:\/\/www.spiritofpolo-press.com\/wp-content\/uploads\/2019\/08\/CSI-3-Traverse-City-304x304.png\" class=\"tranz wp-post-image\" alt=\"\" srcset=\"https:\/\/www.spiritofpolo-press.com\/wp-content\/uploads\/2019\/08\/CSI-3-Traverse-City-304x304.png 304w, https:\/\/www.spiritofpolo-press.com\/wp-content\/uploads\/2019\/08\/CSI-3-Traverse-City-150x150.png 150w\" sizes=\"auto, (max-width: 304px) 100vw, 304px\" \/>                            \r\n                            <\/a>\r\n                           \r\n                      <\/div>\r\n                      \r\n                                        \r\n                  <h3><a href=\"https:\/\/www.spiritofpolo-press.com\/fr\/csi-3-traverse-city\/\" title=\"CSI 3* Traverse City\">CSI 3* Traverse City<\/a><\/h3>\r\n                  \r\n                      \r\n\t<p class=\"meta\">\r\n        <i class=\"icon-clock\"><\/i> 17 ao\u00fbt 2019        <span class=\"views\"> &bull; Vues: 1304<\/span>\r\n\t\t    <\/p>\r\n                            \r\n                <\/li>                \r\n                                    \r\n                            \r\n                                        <li class=\"fblock journal_small\">\r\n                      \r\n\t\t\t\t                \r\n\t\t\t\t                    \r\n                      <div class=\"imgwrap\">\r\n                            \r\n                            <a href=\"https:\/\/www.spiritofpolo-press.com\/fr\/csi5-dinard\/\" title=\"CSI5* Dinard\" >\r\n                            \r\n                            <img loading=\"lazy\" decoding=\"async\" width=\"304\" height=\"304\" src=\"https:\/\/www.spiritofpolo-press.com\/wp-content\/uploads\/2019\/08\/CSI5-Dinard-304x304.png\" class=\"tranz wp-post-image\" alt=\"\" srcset=\"https:\/\/www.spiritofpolo-press.com\/wp-content\/uploads\/2019\/08\/CSI5-Dinard-304x304.png 304w, https:\/\/www.spiritofpolo-press.com\/wp-content\/uploads\/2019\/08\/CSI5-Dinard-150x150.png 150w\" sizes=\"auto, (max-width: 304px) 100vw, 304px\" \/>                            \r\n                            <\/a>\r\n                           \r\n                      <\/div>\r\n                      \r\n                                        \r\n                  <h3><a href=\"https:\/\/www.spiritofpolo-press.com\/fr\/csi5-dinard\/\" title=\"CSI5* Dinard\">CSI5* Dinard<\/a><\/h3>\r\n                  \r\n                      \r\n\t<p class=\"meta\">\r\n        <i class=\"icon-clock\"><\/i> 17 ao\u00fbt 2019        <span class=\"views\"> &bull; Vues: 1344<\/span>\r\n\t\t    <\/p>\r\n                            \r\n                <\/li>                \r\n                                    \r\n                            \r\n                                        <li class=\"fblock journal_small\">\r\n                      \r\n\t\t\t\t                \r\n\t\t\t\t                    \r\n                      <div class=\"imgwrap\">\r\n                            \r\n                            <a href=\"https:\/\/www.spiritofpolo-press.com\/fr\/csi4-munster\/\" title=\"CSI4* Munster\" >\r\n                            \r\n                            <img loading=\"lazy\" decoding=\"async\" width=\"304\" height=\"304\" src=\"https:\/\/www.spiritofpolo-press.com\/wp-content\/uploads\/2019\/08\/CSI4-Munster--304x304.png\" class=\"tranz wp-post-image\" alt=\"\" srcset=\"https:\/\/www.spiritofpolo-press.com\/wp-content\/uploads\/2019\/08\/CSI4-Munster--304x304.png 304w, https:\/\/www.spiritofpolo-press.com\/wp-content\/uploads\/2019\/08\/CSI4-Munster--150x150.png 150w\" sizes=\"auto, (max-width: 304px) 100vw, 304px\" \/>                            \r\n                            <\/a>\r\n                           \r\n                      <\/div>\r\n                      \r\n                                        \r\n                  <h3><a href=\"https:\/\/www.spiritofpolo-press.com\/fr\/csi4-munster\/\" title=\"CSI4* Munster\">CSI4* Munster<\/a><\/h3>\r\n                  \r\n                      \r\n\t<p class=\"meta\">\r\n        <i class=\"icon-clock\"><\/i> 17 ao\u00fbt 2019        <span class=\"views\"> &bull; Vues: 1359<\/span>\r\n\t\t    <\/p>\r\n                            \r\n                <\/li>                \r\n                                    \r\n                            \r\n                                        <li class=\"fblock journal_small\">\r\n                      \r\n\t\t\t\t                \r\n\t\t\t\t                    \r\n                      <div class=\"imgwrap\">\r\n                            \r\n                            <a href=\"https:\/\/www.spiritofpolo-press.com\/fr\/csi3-beervelde\/\" title=\"CSI3* Beervelde\" >\r\n                            \r\n                            <img loading=\"lazy\" decoding=\"async\" width=\"304\" height=\"304\" src=\"https:\/\/www.spiritofpolo-press.com\/wp-content\/uploads\/2019\/08\/CSI3-Beervelde-304x304.jpg\" class=\"tranz wp-post-image\" alt=\"\" srcset=\"https:\/\/www.spiritofpolo-press.com\/wp-content\/uploads\/2019\/08\/CSI3-Beervelde-304x304.jpg 304w, https:\/\/www.spiritofpolo-press.com\/wp-content\/uploads\/2019\/08\/CSI3-Beervelde-150x150.jpg 150w\" sizes=\"auto, (max-width: 304px) 100vw, 304px\" \/>                            \r\n                            <\/a>\r\n                           \r\n                      <\/div>\r\n                      \r\n                                        \r\n                  <h3><a href=\"https:\/\/www.spiritofpolo-press.com\/fr\/csi3-beervelde\/\" title=\"CSI3* Beervelde\">CSI3* Beervelde<\/a><\/h3>\r\n                  \r\n                      \r\n\t<p class=\"meta\">\r\n        <i class=\"icon-clock\"><\/i> 15 ao\u00fbt 2019        <span class=\"views\"> &bull; Vues: 1276<\/span>\r\n\t\t    <\/p>\r\n                            \r\n                <\/li>                \r\n                                    \r\n                            \r\n                                        <li class=\"fblock journal_small\">\r\n                      \r\n\t\t\t\t                \r\n\t\t\t\t                    \r\n                      <div class=\"imgwrap\">\r\n                            \r\n                            <a href=\"https:\/\/www.spiritofpolo-press.com\/fr\/csi5-bromont\/\" title=\"CSI5* Bromont\" >\r\n                            \r\n                            <img loading=\"lazy\" decoding=\"async\" width=\"304\" height=\"304\" src=\"https:\/\/www.spiritofpolo-press.com\/wp-content\/uploads\/2019\/08\/CSI5-Bromont-304x304.jpg\" class=\"tranz wp-post-image\" alt=\"\" srcset=\"https:\/\/www.spiritofpolo-press.com\/wp-content\/uploads\/2019\/08\/CSI5-Bromont-304x304.jpg 304w, https:\/\/www.spiritofpolo-press.com\/wp-content\/uploads\/2019\/08\/CSI5-Bromont-150x150.jpg 150w\" sizes=\"auto, (max-width: 304px) 100vw, 304px\" \/>                            \r\n                            <\/a>\r\n                           \r\n                      <\/div>\r\n                      \r\n                                        \r\n                  <h3><a href=\"https:\/\/www.spiritofpolo-press.com\/fr\/csi5-bromont\/\" title=\"CSI5* Bromont\">CSI5* Bromont<\/a><\/h3>\r\n                  \r\n                      \r\n\t<p class=\"meta\">\r\n        <i class=\"icon-clock\"><\/i> 15 ao\u00fbt 2019        <span class=\"views\"> &bull; Vues: 1220<\/span>\r\n\t\t    <\/p>\r\n                            \r\n                <\/li>                \r\n                                    \r\n                                        \r\n                <\/ul>\r\n                                <!-- end latest-->\r\n            \r\n             \r\n            \r\n            \t<div class=\"clearfix\"><\/div>\r\n            \r\n            \t            \r\n            <\/div><!-- end .widgetwrap -->\r\n\t\t\t<\/div><\/div>\n","protected":false},"excerpt":{"rendered":"","protected":false},"author":1,"featured_media":0,"parent":0,"menu_order":0,"comment_status":"closed","ping_status":"closed","template":"","meta":{"_exactmetrics_skip_tracking":false,"_exactmetrics_sitenote_active":false,"_exactmetrics_sitenote_note":"","_exactmetrics_sitenote_category":0,"footnotes":""},"class_list":["post-9561","page","type-page","status-publish","hentry"],"yoast_head":"<!-- This site is optimized with the Yoast SEO plugin v27.2 - https:\/\/yoast.com\/product\/yoast-seo-wordpress\/ -->\n<title>\u00c9v\u00e9nements \u00e9questres - SPIRIT OF POLO &amp; JUMPING - PRESS<\/title>\n<meta name=\"robots\" content=\"index, follow, max-snippet:-1, max-image-preview:large, max-video-preview:-1\" \/>\n<link rel=\"canonical\" href=\"https:\/\/www.spiritofpolo-press.com\/fr\/evenements-equestres\/\" \/>\n<meta property=\"og:locale\" content=\"fr_FR\" \/>\n<meta property=\"og:type\" content=\"article\" \/>\n<meta property=\"og:title\" content=\"\u00c9v\u00e9nements \u00e9questres - SPIRIT OF POLO &amp; JUMPING - PRESS\" \/>\n<meta property=\"og:url\" content=\"https:\/\/www.spiritofpolo-press.com\/fr\/evenements-equestres\/\" \/>\n<meta property=\"og:site_name\" content=\"SPIRIT OF POLO &amp; JUMPING - PRESS\" \/>\n<meta property=\"article:modified_time\" content=\"2019-08-15T19:08:39+00:00\" \/>\n<meta name=\"twitter:card\" content=\"summary_large_image\" \/>\n<script type=\"application\/ld+json\" class=\"yoast-schema-graph\">{\"@context\":\"https:\/\/schema.org\",\"@graph\":[{\"@type\":\"WebPage\",\"@id\":\"https:\/\/www.spiritofpolo-press.com\/fr\/evenements-equestres\/\",\"url\":\"https:\/\/www.spiritofpolo-press.com\/fr\/evenements-equestres\/\",\"name\":\"\u00c9v\u00e9nements \u00e9questres - SPIRIT OF POLO &amp; JUMPING - PRESS\",\"isPartOf\":{\"@id\":\"https:\/\/www.spiritofpolo-press.com\/#website\"},\"datePublished\":\"2019-08-15T19:08:37+00:00\",\"dateModified\":\"2019-08-15T19:08:39+00:00\",\"breadcrumb\":{\"@id\":\"https:\/\/www.spiritofpolo-press.com\/fr\/evenements-equestres\/#breadcrumb\"},\"inLanguage\":\"fr-FR\",\"potentialAction\":[{\"@type\":\"ReadAction\",\"target\":[\"https:\/\/www.spiritofpolo-press.com\/fr\/evenements-equestres\/\"]}]},{\"@type\":\"BreadcrumbList\",\"@id\":\"https:\/\/www.spiritofpolo-press.com\/fr\/evenements-equestres\/#breadcrumb\",\"itemListElement\":[{\"@type\":\"ListItem\",\"position\":1,\"name\":\"Home\",\"item\":\"https:\/\/www.spiritofpolo-press.com\/fr\/\"},{\"@type\":\"ListItem\",\"position\":2,\"name\":\"\u00c9v\u00e9nements \u00e9questres\"}]},{\"@type\":\"WebSite\",\"@id\":\"https:\/\/www.spiritofpolo-press.com\/#website\",\"url\":\"https:\/\/www.spiritofpolo-press.com\/\",\"name\":\"SPIRIT OF POLO &amp; JUMPING - PRESS\",\"description\":\"Polo &amp; Jumping Worldwide Information &amp; Photos\",\"potentialAction\":[{\"@type\":\"SearchAction\",\"target\":{\"@type\":\"EntryPoint\",\"urlTemplate\":\"https:\/\/www.spiritofpolo-press.com\/?s={search_term_string}\"},\"query-input\":{\"@type\":\"PropertyValueSpecification\",\"valueRequired\":true,\"valueName\":\"search_term_string\"}}],\"inLanguage\":\"fr-FR\"}]}<\/script>\n<!-- \/ Yoast SEO plugin. -->","yoast_head_json":{"title":"\u00c9v\u00e9nements \u00e9questres - SPIRIT OF POLO &amp; JUMPING - PRESS","robots":{"index":"index","follow":"follow","max-snippet":"max-snippet:-1","max-image-preview":"max-image-preview:large","max-video-preview":"max-video-preview:-1"},"canonical":"https:\/\/www.spiritofpolo-press.com\/fr\/evenements-equestres\/","og_locale":"fr_FR","og_type":"article","og_title":"\u00c9v\u00e9nements \u00e9questres - SPIRIT OF POLO &amp; JUMPING - PRESS","og_url":"https:\/\/www.spiritofpolo-press.com\/fr\/evenements-equestres\/","og_site_name":"SPIRIT OF POLO &amp; JUMPING - PRESS","article_modified_time":"2019-08-15T19:08:39+00:00","twitter_card":"summary_large_image","schema":{"@context":"https:\/\/schema.org","@graph":[{"@type":"WebPage","@id":"https:\/\/www.spiritofpolo-press.com\/fr\/evenements-equestres\/","url":"https:\/\/www.spiritofpolo-press.com\/fr\/evenements-equestres\/","name":"\u00c9v\u00e9nements \u00e9questres - SPIRIT OF POLO &amp; JUMPING - PRESS","isPartOf":{"@id":"https:\/\/www.spiritofpolo-press.com\/#website"},"datePublished":"2019-08-15T19:08:37+00:00","dateModified":"2019-08-15T19:08:39+00:00","breadcrumb":{"@id":"https:\/\/www.spiritofpolo-press.com\/fr\/evenements-equestres\/#breadcrumb"},"inLanguage":"fr-FR","potentialAction":[{"@type":"ReadAction","target":["https:\/\/www.spiritofpolo-press.com\/fr\/evenements-equestres\/"]}]},{"@type":"BreadcrumbList","@id":"https:\/\/www.spiritofpolo-press.com\/fr\/evenements-equestres\/#breadcrumb","itemListElement":[{"@type":"ListItem","position":1,"name":"Home","item":"https:\/\/www.spiritofpolo-press.com\/fr\/"},{"@type":"ListItem","position":2,"name":"\u00c9v\u00e9nements \u00e9questres"}]},{"@type":"WebSite","@id":"https:\/\/www.spiritofpolo-press.com\/#website","url":"https:\/\/www.spiritofpolo-press.com\/","name":"SPIRIT OF POLO &amp; JUMPING - PRESS","description":"Polo &amp; Jumping Worldwide Information &amp; Photos","potentialAction":[{"@type":"SearchAction","target":{"@type":"EntryPoint","urlTemplate":"https:\/\/www.spiritofpolo-press.com\/?s={search_term_string}"},"query-input":{"@type":"PropertyValueSpecification","valueRequired":true,"valueName":"search_term_string"}}],"inLanguage":"fr-FR"}]}},"_links":{"self":[{"href":"https:\/\/www.spiritofpolo-press.com\/fr\/wp-json\/wp\/v2\/pages\/9561","targetHints":{"allow":["GET"]}}],"collection":[{"href":"https:\/\/www.spiritofpolo-press.com\/fr\/wp-json\/wp\/v2\/pages"}],"about":[{"href":"https:\/\/www.spiritofpolo-press.com\/fr\/wp-json\/wp\/v2\/types\/page"}],"author":[{"embeddable":true,"href":"https:\/\/www.spiritofpolo-press.com\/fr\/wp-json\/wp\/v2\/users\/1"}],"replies":[{"embeddable":true,"href":"https:\/\/www.spiritofpolo-press.com\/fr\/wp-json\/wp\/v2\/comments?post=9561"}],"version-history":[{"count":1,"href":"https:\/\/www.spiritofpolo-press.com\/fr\/wp-json\/wp\/v2\/pages\/9561\/revisions"}],"predecessor-version":[{"id":9562,"href":"https:\/\/www.spiritofpolo-press.com\/fr\/wp-json\/wp\/v2\/pages\/9561\/revisions\/9562"}],"wp:attachment":[{"href":"https:\/\/www.spiritofpolo-press.com\/fr\/wp-json\/wp\/v2\/media?parent=9561"}],"curies":[{"name":"wp","href":"https:\/\/api.w.org\/{rel}","templated":true}]}}