{"id":984,"date":"2014-12-10T17:52:44","date_gmt":"2014-12-10T17:52:44","guid":{"rendered":"http:\/\/poloconsult.com\/?page_id=984"},"modified":"2014-12-23T12:11:25","modified_gmt":"2014-12-23T12:11:25","slug":"polo-de-base","status":"publish","type":"page","link":"https:\/\/www.spiritofpolo-press.com\/fr\/polo-de-base\/","title":{"rendered":"Polo de base"},"content":{"rendered":"<div id=\"aq-template-wrapper-1560\" class=\"aq-template-wrapper aq_row\"><div id=\"aq-block-1560-1\" class=\"aq-block aq-block-aq_blog_journal_block aq_span12 aq-first clearfix\">        \r\n        <div class=\"widgetwrap journal\">\r\n        \r\n\t\t\t            <h2 class=\"widget\">\r\n                \r\n                Ce que vous devez savoir \u00e0 propos du POLO                \r\n                                    <span>Ne manquez aucun d\u00e9tail !<\/span>\r\n                                    \r\n            <\/h2>\r\n        \r\n        \t<div class=\"line\"><span><span style=\"background-color:#333;\"><\/span><\/span><\/div>\r\n                    \t\r\n\t\t\t\r\n\t\t\t    \r\n            \r\n                <!-- latest-->\r\n                <ul class=\"blocker\">\r\n\r\n\t\t\t\t\t    \r\n                                        <li class=\"fblock journal_big\">\r\n\r\n\t\t\t\t                \r\n                                \r\n                \t                    \r\n                                            \r\n                                                \r\n                        \t<div class=\"imgwrap\">\r\n                            \r\n                                 <a href=\"https:\/\/www.spiritofpolo-press.com\/fr\/differentes-manieres-de-pratiquer-le-polo\/\" title=\"Diff\u00e9rentes Mani\u00e8res de Pratiquer le Polo\" >\r\n                                 \r\n                                 \t<img loading=\"lazy\" decoding=\"async\" width=\"385\" height=\"360\" src=\"https:\/\/www.spiritofpolo-press.com\/wp-content\/uploads\/2014\/11\/article-98f9932f88-elephant-polo-thailand-2008-385x360.jpg\" class=\"tranz wp-post-image\" alt=\"\" srcset=\"https:\/\/www.spiritofpolo-press.com\/wp-content\/uploads\/2014\/11\/article-98f9932f88-elephant-polo-thailand-2008-385x360.jpg 385w, https:\/\/www.spiritofpolo-press.com\/wp-content\/uploads\/2014\/11\/article-98f9932f88-elephant-polo-thailand-2008-95x90.jpg 95w\" sizes=\"auto, (max-width: 385px) 100vw, 385px\" \/>                                    \r\n                                 <\/a>\r\n                                 \r\n                                \r\n\t<p class=\"meta meta_cat\"> \r\n        <i class=\"icon-doc-text\"><\/i> <a href=\"https:\/\/www.spiritofpolo-press.com\/fr\/category\/consult-fr\/introduction-au-polo\/\" rel=\"category tag\">Introduction au Polo<\/a>, <a href=\"https:\/\/www.spiritofpolo-press.com\/fr\/category\/consult-fr\/\" rel=\"category tag\">CONSULT<\/a><\/p>\r\n                \r\n            \t\t\t\t                                 \r\n                            <\/div>\r\n                            \r\n                                           \r\n                                     \r\n                      \r\n\t<p class=\"meta\">\r\n        <i class=\"icon-clock\"><\/i> 29 d\u00e9cembre 2014        <span class=\"views\"> &bull; Vues: 6035<\/span>\r\n\t\t    <\/p>\r\n                      \r\n                  <h2><a href=\"https:\/\/www.spiritofpolo-press.com\/fr\/differentes-manieres-de-pratiquer-le-polo\/\" title=\"Diff\u00e9rentes Mani\u00e8res de Pratiquer le Polo\">Diff\u00e9rentes Mani\u00e8res de Pratiquer le Polo<\/a><\/h2>\r\n                  \r\n                  <p class=\"teaser\">Au cours des ann\u00e9es, plusieurs variantes du Polo ont \u00e9t\u00e9 cr\u00e9\u00e9es: certaines \u00e9tant tr\u00e8s similaires au jeu traditionnel et d&rsquo;autres relativement diff\u00e9rentes qui<\/p>\r\n              \r\n                      \r\n\t<p class=\"meta meta_more\">\r\n    \t\t<a href=\"https:\/\/www.spiritofpolo-press.com\/fr\/differentes-manieres-de-pratiquer-le-polo\/\">En Savoir Plus <i class=\"icon-right-open\"><\/i><\/a>\r\n    <\/p>\r\n                                \r\n                <\/li>                    \r\n                                    \r\n                            \r\n                                        <li class=\"fblock journal_small\">\r\n                      \r\n\t\t\t\t                \r\n\t\t\t\t                    \r\n                      <div class=\"imgwrap\">\r\n                            \r\n                            <a href=\"https:\/\/www.spiritofpolo-press.com\/fr\/lequipement-du-poney-de-polo\/\" title=\"L&rsquo;Equipement du Poney de Polo\" >\r\n                            \r\n                            <img loading=\"lazy\" decoding=\"async\" width=\"304\" height=\"304\" src=\"https:\/\/www.spiritofpolo-press.com\/wp-content\/uploads\/2014\/11\/VACB0262_result-304x304.jpg\" class=\"tranz wp-post-image\" alt=\"\" srcset=\"https:\/\/www.spiritofpolo-press.com\/wp-content\/uploads\/2014\/11\/VACB0262_result-304x304.jpg 304w, https:\/\/www.spiritofpolo-press.com\/wp-content\/uploads\/2014\/11\/VACB0262_result-150x150.jpg 150w\" sizes=\"auto, (max-width: 304px) 100vw, 304px\" \/>                            \r\n                            <\/a>\r\n                           \r\n                      <\/div>\r\n                      \r\n                                        \r\n                  <h3><a href=\"https:\/\/www.spiritofpolo-press.com\/fr\/lequipement-du-poney-de-polo\/\" title=\"L&rsquo;Equipement du Poney de Polo\">L&rsquo;Equipement du Poney de Polo<\/a><\/h3>\r\n                  \r\n                      \r\n\t<p class=\"meta\">\r\n        <i class=\"icon-clock\"><\/i> 22 d\u00e9cembre 2014        <span class=\"views\"> &bull; Vues: 6879<\/span>\r\n\t\t    <\/p>\r\n                            \r\n                <\/li>                \r\n                                    \r\n                            \r\n                                        <li class=\"fblock journal_small\">\r\n                      \r\n\t\t\t\t                \r\n\t\t\t\t                    \r\n                      <div class=\"imgwrap\">\r\n                            \r\n                            <a href=\"https:\/\/www.spiritofpolo-press.com\/fr\/mesures-dun-terrain-de-polo\/\" title=\"Mesures d&rsquo;un terrain de Polo\" >\r\n                            \r\n                            <img loading=\"lazy\" decoding=\"async\" width=\"304\" height=\"304\" src=\"https:\/\/www.spiritofpolo-press.com\/wp-content\/uploads\/2014\/11\/Polo-field2-304x304.gif\" class=\"tranz wp-post-image\" alt=\"\" srcset=\"https:\/\/www.spiritofpolo-press.com\/wp-content\/uploads\/2014\/11\/Polo-field2-304x304.gif 304w, https:\/\/www.spiritofpolo-press.com\/wp-content\/uploads\/2014\/11\/Polo-field2-150x150.gif 150w\" sizes=\"auto, (max-width: 304px) 100vw, 304px\" \/>                            \r\n                            <\/a>\r\n                           \r\n                      <\/div>\r\n                      \r\n                                        \r\n                  <h3><a href=\"https:\/\/www.spiritofpolo-press.com\/fr\/mesures-dun-terrain-de-polo\/\" title=\"Mesures d&rsquo;un terrain de Polo\">Mesures d&rsquo;un terrain de Polo<\/a><\/h3>\r\n                  \r\n                      \r\n\t<p class=\"meta\">\r\n        <i class=\"icon-clock\"><\/i> 22 d\u00e9cembre 2014        <span class=\"views\"> &bull; Vues: 11500<\/span>\r\n\t\t    <\/p>\r\n                            \r\n                <\/li>                \r\n                                    \r\n                            \r\n                                        <li class=\"fblock journal_small\">\r\n                      \r\n\t\t\t\t                \r\n\t\t\t\t                    \r\n                      <div class=\"imgwrap\">\r\n                            \r\n                            <a href=\"https:\/\/www.spiritofpolo-press.com\/fr\/a-la-rencontre-du-poney-de-polo\/\" title=\"A la Rencontre du Poney de Polo\" >\r\n                            \r\n                            <img loading=\"lazy\" decoding=\"async\" width=\"304\" height=\"304\" src=\"https:\/\/www.spiritofpolo-press.com\/wp-content\/uploads\/2014\/11\/Polo_pony_ellerstina-304x304.jpg\" class=\"tranz wp-post-image\" alt=\"\" srcset=\"https:\/\/www.spiritofpolo-press.com\/wp-content\/uploads\/2014\/11\/Polo_pony_ellerstina-304x304.jpg 304w, https:\/\/www.spiritofpolo-press.com\/wp-content\/uploads\/2014\/11\/Polo_pony_ellerstina-150x150.jpg 150w\" sizes=\"auto, (max-width: 304px) 100vw, 304px\" \/>                            \r\n                            <\/a>\r\n                           \r\n                      <\/div>\r\n                      \r\n                                        \r\n                  <h3><a href=\"https:\/\/www.spiritofpolo-press.com\/fr\/a-la-rencontre-du-poney-de-polo\/\" title=\"A la Rencontre du Poney de Polo\">A la Rencontre du Poney de Polo<\/a><\/h3>\r\n                  \r\n                      \r\n\t<p class=\"meta\">\r\n        <i class=\"icon-clock\"><\/i> 22 d\u00e9cembre 2014        <span class=\"views\"> &bull; Vues: 4953<\/span>\r\n\t\t    <\/p>\r\n                            \r\n                <\/li>                \r\n                                    \r\n                            \r\n                                        <li class=\"fblock journal_small\">\r\n                      \r\n\t\t\t\t                \r\n\t\t\t\t                    \r\n                      <div class=\"imgwrap\">\r\n                            \r\n                            <a href=\"https:\/\/www.spiritofpolo-press.com\/fr\/quest-ce-quun-handicap-au-polo\/\" title=\"Qu&rsquo;est-ce qu&rsquo;un handicap au Polo?\" >\r\n                            \r\n                            <img loading=\"lazy\" decoding=\"async\" width=\"304\" height=\"304\" src=\"https:\/\/www.spiritofpolo-press.com\/wp-content\/uploads\/2014\/12\/Time_Polo-304x304.jpg\" class=\"tranz wp-post-image\" alt=\"\" srcset=\"https:\/\/www.spiritofpolo-press.com\/wp-content\/uploads\/2014\/12\/Time_Polo-304x304.jpg 304w, https:\/\/www.spiritofpolo-press.com\/wp-content\/uploads\/2014\/12\/Time_Polo-150x150.jpg 150w\" sizes=\"auto, (max-width: 304px) 100vw, 304px\" \/>                            \r\n                            <\/a>\r\n                           \r\n                      <\/div>\r\n                      \r\n                                        \r\n                  <h3><a href=\"https:\/\/www.spiritofpolo-press.com\/fr\/quest-ce-quun-handicap-au-polo\/\" title=\"Qu&rsquo;est-ce qu&rsquo;un handicap au Polo?\">Qu&rsquo;est-ce qu&rsquo;un handicap au Polo?<\/a><\/h3>\r\n                  \r\n                      \r\n\t<p class=\"meta\">\r\n        <i class=\"icon-clock\"><\/i> 22 d\u00e9cembre 2014        <span class=\"views\"> &bull; Vues: 5129<\/span>\r\n\t\t    <\/p>\r\n                            \r\n                <\/li>                \r\n                                    \r\n                            \r\n                                        <li class=\"fblock journal_small\">\r\n                      \r\n\t\t\t\t                \r\n\t\t\t\t                    \r\n                      <div class=\"imgwrap\">\r\n                            \r\n                            <a href=\"https:\/\/www.spiritofpolo-press.com\/fr\/lequipement-du-joueur\/\" title=\"L&rsquo;\u00e9quipement du joueur\" >\r\n                            \r\n                            <img loading=\"lazy\" decoding=\"async\" width=\"304\" height=\"304\" src=\"https:\/\/www.spiritofpolo-press.com\/wp-content\/uploads\/2014\/11\/972140_657387470942720_383103224_n-304x304.jpg\" class=\"tranz wp-post-image\" alt=\"\" srcset=\"https:\/\/www.spiritofpolo-press.com\/wp-content\/uploads\/2014\/11\/972140_657387470942720_383103224_n-304x304.jpg 304w, https:\/\/www.spiritofpolo-press.com\/wp-content\/uploads\/2014\/11\/972140_657387470942720_383103224_n-150x150.jpg 150w\" sizes=\"auto, (max-width: 304px) 100vw, 304px\" \/>                            \r\n                            <\/a>\r\n                           \r\n                      <\/div>\r\n                      \r\n                                        \r\n                  <h3><a href=\"https:\/\/www.spiritofpolo-press.com\/fr\/lequipement-du-joueur\/\" title=\"L&rsquo;\u00e9quipement du joueur\">L&rsquo;\u00e9quipement du joueur<\/a><\/h3>\r\n                  \r\n                      \r\n\t<p class=\"meta\">\r\n        <i class=\"icon-clock\"><\/i> 16 d\u00e9cembre 2014        <span class=\"views\"> &bull; Vues: 3370<\/span>\r\n\t\t    <\/p>\r\n                            \r\n                <\/li>                \r\n                                    \r\n                            \r\n                                        <li class=\"fblock journal_small\">\r\n                      \r\n\t\t\t\t                \r\n\t\t\t\t                    \r\n                      <div class=\"imgwrap\">\r\n                            \r\n                            <a href=\"https:\/\/www.spiritofpolo-press.com\/fr\/la-ligne-de-la-balle\/\" title=\"La ligne de la balle\" >\r\n                            \r\n                            <img loading=\"lazy\" decoding=\"async\" width=\"304\" height=\"304\" src=\"https:\/\/www.spiritofpolo-press.com\/wp-content\/uploads\/2014\/11\/crossingline-304x304.jpg\" class=\"tranz wp-post-image\" alt=\"\" srcset=\"https:\/\/www.spiritofpolo-press.com\/wp-content\/uploads\/2014\/11\/crossingline-304x304.jpg 304w, https:\/\/www.spiritofpolo-press.com\/wp-content\/uploads\/2014\/11\/crossingline-150x150.jpg 150w\" sizes=\"auto, (max-width: 304px) 100vw, 304px\" \/>                            \r\n                            <\/a>\r\n                           \r\n                      <\/div>\r\n                      \r\n                                        \r\n                  <h3><a href=\"https:\/\/www.spiritofpolo-press.com\/fr\/la-ligne-de-la-balle\/\" title=\"La ligne de la balle\">La ligne de la balle<\/a><\/h3>\r\n                  \r\n                      \r\n\t<p class=\"meta\">\r\n        <i class=\"icon-clock\"><\/i> 16 d\u00e9cembre 2014        <span class=\"views\"> &bull; Vues: 3151<\/span>\r\n\t\t    <\/p>\r\n                            \r\n                <\/li>                \r\n                                    \r\n                                        \r\n                <\/ul>\r\n                                <!-- end latest-->\r\n            \r\n             \r\n            \r\n            \t<div class=\"clearfix\"><\/div>\r\n            \r\n            \t                \r\n                    <a class=\"mainbutton morebutton\" href=\"https:\/\/www.spiritofpolo-press.com\/fr\/category\/consult-fr\/introduction-au-polo\/\">Plus d'articles<\/a>\r\n                \r\n                            \r\n            <\/div><!-- end .widgetwrap -->\r\n\t\t\t<\/div><\/div>\n","protected":false},"excerpt":{"rendered":"","protected":false},"author":1,"featured_media":0,"parent":0,"menu_order":0,"comment_status":"closed","ping_status":"closed","template":"","meta":{"_exactmetrics_skip_tracking":false,"_exactmetrics_sitenote_active":false,"_exactmetrics_sitenote_note":"","_exactmetrics_sitenote_category":0,"footnotes":""},"class_list":["post-984","page","type-page","status-publish","hentry"],"yoast_head":"<!-- This site is optimized with the Yoast SEO plugin v27.2 - https:\/\/yoast.com\/product\/yoast-seo-wordpress\/ -->\n<title>Polo de base - SPIRIT OF POLO &amp; JUMPING - PRESS<\/title>\n<meta name=\"robots\" content=\"index, follow, max-snippet:-1, max-image-preview:large, max-video-preview:-1\" \/>\n<link rel=\"canonical\" href=\"https:\/\/www.spiritofpolo-press.com\/fr\/polo-de-base\/\" \/>\n<meta property=\"og:locale\" content=\"fr_FR\" \/>\n<meta property=\"og:type\" content=\"article\" \/>\n<meta property=\"og:title\" content=\"Polo de base - SPIRIT OF POLO &amp; JUMPING - PRESS\" \/>\n<meta property=\"og:url\" content=\"https:\/\/www.spiritofpolo-press.com\/fr\/polo-de-base\/\" \/>\n<meta property=\"og:site_name\" content=\"SPIRIT OF POLO &amp; JUMPING - PRESS\" \/>\n<meta property=\"article:modified_time\" content=\"2014-12-23T12:11:25+00:00\" \/>\n<meta name=\"twitter:card\" content=\"summary_large_image\" \/>\n<script type=\"application\/ld+json\" class=\"yoast-schema-graph\">{\"@context\":\"https:\/\/schema.org\",\"@graph\":[{\"@type\":\"WebPage\",\"@id\":\"https:\/\/www.spiritofpolo-press.com\/fr\/polo-de-base\/\",\"url\":\"https:\/\/www.spiritofpolo-press.com\/fr\/polo-de-base\/\",\"name\":\"Polo de base - SPIRIT OF POLO &amp; JUMPING - PRESS\",\"isPartOf\":{\"@id\":\"https:\/\/www.spiritofpolo-press.com\/#website\"},\"datePublished\":\"2014-12-10T17:52:44+00:00\",\"dateModified\":\"2014-12-23T12:11:25+00:00\",\"breadcrumb\":{\"@id\":\"https:\/\/www.spiritofpolo-press.com\/fr\/polo-de-base\/#breadcrumb\"},\"inLanguage\":\"fr-FR\",\"potentialAction\":[{\"@type\":\"ReadAction\",\"target\":[\"https:\/\/www.spiritofpolo-press.com\/fr\/polo-de-base\/\"]}]},{\"@type\":\"BreadcrumbList\",\"@id\":\"https:\/\/www.spiritofpolo-press.com\/fr\/polo-de-base\/#breadcrumb\",\"itemListElement\":[{\"@type\":\"ListItem\",\"position\":1,\"name\":\"Home\",\"item\":\"https:\/\/www.spiritofpolo-press.com\/fr\/\"},{\"@type\":\"ListItem\",\"position\":2,\"name\":\"Polo de base\"}]},{\"@type\":\"WebSite\",\"@id\":\"https:\/\/www.spiritofpolo-press.com\/#website\",\"url\":\"https:\/\/www.spiritofpolo-press.com\/\",\"name\":\"SPIRIT OF POLO &amp; JUMPING - PRESS\",\"description\":\"Polo &amp; Jumping Worldwide Information &amp; Photos\",\"potentialAction\":[{\"@type\":\"SearchAction\",\"target\":{\"@type\":\"EntryPoint\",\"urlTemplate\":\"https:\/\/www.spiritofpolo-press.com\/?s={search_term_string}\"},\"query-input\":{\"@type\":\"PropertyValueSpecification\",\"valueRequired\":true,\"valueName\":\"search_term_string\"}}],\"inLanguage\":\"fr-FR\"}]}<\/script>\n<!-- \/ Yoast SEO plugin. -->","yoast_head_json":{"title":"Polo de base - SPIRIT OF POLO &amp; JUMPING - PRESS","robots":{"index":"index","follow":"follow","max-snippet":"max-snippet:-1","max-image-preview":"max-image-preview:large","max-video-preview":"max-video-preview:-1"},"canonical":"https:\/\/www.spiritofpolo-press.com\/fr\/polo-de-base\/","og_locale":"fr_FR","og_type":"article","og_title":"Polo de base - SPIRIT OF POLO &amp; JUMPING - PRESS","og_url":"https:\/\/www.spiritofpolo-press.com\/fr\/polo-de-base\/","og_site_name":"SPIRIT OF POLO &amp; JUMPING - PRESS","article_modified_time":"2014-12-23T12:11:25+00:00","twitter_card":"summary_large_image","schema":{"@context":"https:\/\/schema.org","@graph":[{"@type":"WebPage","@id":"https:\/\/www.spiritofpolo-press.com\/fr\/polo-de-base\/","url":"https:\/\/www.spiritofpolo-press.com\/fr\/polo-de-base\/","name":"Polo de base - SPIRIT OF POLO &amp; JUMPING - PRESS","isPartOf":{"@id":"https:\/\/www.spiritofpolo-press.com\/#website"},"datePublished":"2014-12-10T17:52:44+00:00","dateModified":"2014-12-23T12:11:25+00:00","breadcrumb":{"@id":"https:\/\/www.spiritofpolo-press.com\/fr\/polo-de-base\/#breadcrumb"},"inLanguage":"fr-FR","potentialAction":[{"@type":"ReadAction","target":["https:\/\/www.spiritofpolo-press.com\/fr\/polo-de-base\/"]}]},{"@type":"BreadcrumbList","@id":"https:\/\/www.spiritofpolo-press.com\/fr\/polo-de-base\/#breadcrumb","itemListElement":[{"@type":"ListItem","position":1,"name":"Home","item":"https:\/\/www.spiritofpolo-press.com\/fr\/"},{"@type":"ListItem","position":2,"name":"Polo de base"}]},{"@type":"WebSite","@id":"https:\/\/www.spiritofpolo-press.com\/#website","url":"https:\/\/www.spiritofpolo-press.com\/","name":"SPIRIT OF POLO &amp; JUMPING - PRESS","description":"Polo &amp; Jumping Worldwide Information &amp; Photos","potentialAction":[{"@type":"SearchAction","target":{"@type":"EntryPoint","urlTemplate":"https:\/\/www.spiritofpolo-press.com\/?s={search_term_string}"},"query-input":{"@type":"PropertyValueSpecification","valueRequired":true,"valueName":"search_term_string"}}],"inLanguage":"fr-FR"}]}},"_links":{"self":[{"href":"https:\/\/www.spiritofpolo-press.com\/fr\/wp-json\/wp\/v2\/pages\/984","targetHints":{"allow":["GET"]}}],"collection":[{"href":"https:\/\/www.spiritofpolo-press.com\/fr\/wp-json\/wp\/v2\/pages"}],"about":[{"href":"https:\/\/www.spiritofpolo-press.com\/fr\/wp-json\/wp\/v2\/types\/page"}],"author":[{"embeddable":true,"href":"https:\/\/www.spiritofpolo-press.com\/fr\/wp-json\/wp\/v2\/users\/1"}],"replies":[{"embeddable":true,"href":"https:\/\/www.spiritofpolo-press.com\/fr\/wp-json\/wp\/v2\/comments?post=984"}],"version-history":[{"count":2,"href":"https:\/\/www.spiritofpolo-press.com\/fr\/wp-json\/wp\/v2\/pages\/984\/revisions"}],"predecessor-version":[{"id":1561,"href":"https:\/\/www.spiritofpolo-press.com\/fr\/wp-json\/wp\/v2\/pages\/984\/revisions\/1561"}],"wp:attachment":[{"href":"https:\/\/www.spiritofpolo-press.com\/fr\/wp-json\/wp\/v2\/media?parent=984"}],"curies":[{"name":"wp","href":"https:\/\/api.w.org\/{rel}","templated":true}]}}